{"id":3,"date":"2010-03-31T19:39:18","date_gmt":"2010-03-31T18:39:18","guid":{"rendered":"http:\/\/om8ace.dxradio.sk\/?page_id=3"},"modified":"2025-07-13T16:49:03","modified_gmt":"2025-07-13T15:49:03","slug":"hamshack","status":"publish","type":"page","link":"https:\/\/om0xa.dxradio.sk\/?page_id=3","title":{"rendered":"Hamshack"},"content":{"rendered":"<p><a href=\"https:\/\/om0xa.dxradio.sk\/wp-content\/uploads\/2019\/12\/hamshack.jpg\"><img class=\"size-medium\" style=\"margin-left: 10px; margin-right: 10px;\" title=\"hamshack\" src=\"https:\/\/om0xa.dxradio.sk\/wp-content\/uploads\/2019\/12\/hamshack-1024x450.jpg\" alt=\"moja v\u00fdbava\" \/><\/a><\/p>\n<h3>S\u00fa\u010dasn\u00e9 vybavenie<\/h3>\n<p><strong>TRXy:<\/strong><\/p>\n<ul>\n<li><strong>Icom 9700 &#8211;<\/strong> VHF, UHF, SHF &#8211; analog \/ D-STAR transceiver<\/li>\n<li><strong>Icom IC-756PROIII <\/strong>&#8211; HF \/ 6m transceiver<\/li>\n<li><strong>Icom IC-7000<\/strong> &#8211; all mode \/ all band transceiver<\/li>\n<li><strong>Yaesu FT1D<\/strong> &#8211; VHF\/UHF digital C4FM \/ analog FM handheld transceiver<\/li>\n<li><strong>Yaesu FT-51<\/strong> &#8211; VHF\/UHF FM handheld transceiver<\/li>\n<li><strong>Icom IC-V200T<\/strong> &#8211; VHF mobile transceiver<\/li>\n<li><strong>Anytone D878UV <\/strong> &#8211; VHF, UHF &#8211; DMR \/ FM handheld transceiver<\/li>\n<li><strong>Tytera MD9600<\/strong> &#8211; VHF, UHF &#8211; DMR \/ FM mobile transceiver<\/li>\n<\/ul>\n<p><strong>Ant\u00e9ny <\/strong>(v\u0161etky vlastn\u00e1 v\u00fdroba)<strong>:<\/strong><\/p>\n<ul>\n<li><strong>VHF\/UHF 2+2el. DK7ZB<\/strong> &#8211; na dom\u00e1com QTH<\/li>\n<li><strong>VHF 7el. DK7ZB na rot\u00e1tore<\/strong> &#8211; pre kontesty<\/li>\n<li><strong>polvlnn\u00fd dip\u00f3l pre p\u00e1smo 80m<\/strong> &#8211; Invertovan\u00e9 Vee + balun<\/li>\n<li><strong>LW &#8211; 84m<\/strong><\/li>\n<\/ul>\n<p><strong>Meracia technika:<\/strong><\/p>\n<ul>\n<li><strong>Rigol DS1104Z-S<\/strong>&#8211; digital osciloscope 4x100MHz and 2 channel RF generator<\/li>\n<li><strong>Siglent SVA1032X<\/strong>-3.2GHz Spectrum, modulation and vector network analyzator<\/li>\n<li><strong>Anritsu S331C<\/strong>&#8211; Antenna analyzator 25 &#8211; 4000MHz<\/li>\n<li><strong>Keysight 34461A<\/strong> &#8211; 6.5 digit TrueRMS multimeter<\/li>\n<li><strong>NanoVNA<\/strong>&#8211; 900MHz vector network handheld analyzator<\/li>\n<\/ul>\n<h3><\/h3>\n<h3>Hist\u00f3ria<\/h3>\n<p><strong>TRXy:<\/strong><\/p>\n<ul>\n<li><strong>Yaesu FT-991A<\/strong><\/li>\n<li><strong>Tesla PR11<\/strong> &#8211; preroben\u00e1 pre p\u00e1smo 2m FM<\/li>\n<li><strong>Tesla VR22<\/strong> &#8211; preroben\u00e1 pre p\u00e1smo 2m FMs frekven\u010dnou synt\u00e9zou (vlastn\u00e1 v\u00fdroba)<\/li>\n<li><strong>RX Lambda 4 <\/strong>&#8211; pre p\u00e1sma 30kHz a\u017e 30MHz<\/li>\n<li><strong>DNT Zirkon <\/strong>&#8211; CB r\u00e1diostanica<\/li>\n<\/ul>\n","protected":false},"excerpt":{"rendered":"<p>S\u00fa\u010dasn\u00e9 vybavenie TRXy: Icom 9700 &#8211; VHF, UHF, SHF &#8211; analog \/ D-STAR transceiver Icom IC-756PROIII &#8211; HF \/ 6m transceiver Icom IC-7000 &#8211; all mode \/ all band transceiver Yaesu FT1D &#8211; VHF\/UHF digital C4FM \/ analog FM handheld transceiver Yaesu FT-51 &#8211; VHF\/UHF FM handheld transceiver Icom IC-V200T &#8211; VHF mobile transceiver Anytone [&hellip;]<\/p>\n","protected":false},"author":1,"featured_media":0,"parent":0,"menu_order":0,"comment_status":"closed","ping_status":"open","template":"","meta":[],"_links":{"self":[{"href":"https:\/\/om0xa.dxradio.sk\/index.php?rest_route=\/wp\/v2\/pages\/3"}],"collection":[{"href":"https:\/\/om0xa.dxradio.sk\/index.php?rest_route=\/wp\/v2\/pages"}],"about":[{"href":"https:\/\/om0xa.dxradio.sk\/index.php?rest_route=\/wp\/v2\/types\/page"}],"author":[{"embeddable":true,"href":"https:\/\/om0xa.dxradio.sk\/index.php?rest_route=\/wp\/v2\/users\/1"}],"replies":[{"embeddable":true,"href":"https:\/\/om0xa.dxradio.sk\/index.php?rest_route=%2Fwp%2Fv2%2Fcomments&post=3"}],"version-history":[{"count":56,"href":"https:\/\/om0xa.dxradio.sk\/index.php?rest_route=\/wp\/v2\/pages\/3\/revisions"}],"predecessor-version":[{"id":424,"href":"https:\/\/om0xa.dxradio.sk\/index.php?rest_route=\/wp\/v2\/pages\/3\/revisions\/424"}],"wp:attachment":[{"href":"https:\/\/om0xa.dxradio.sk\/index.php?rest_route=%2Fwp%2Fv2%2Fmedia&parent=3"}],"curies":[{"name":"wp","href":"https:\/\/api.w.org\/{rel}","templated":true}]}}